{"id":847,"date":"2024-10-29T12:56:09","date_gmt":"2024-10-29T10:56:09","guid":{"rendered":"https:\/\/e-cautio.eu\/qui-sommes-nous\/"},"modified":"2024-10-29T12:56:09","modified_gmt":"2024-10-29T10:56:09","slug":"qui-sommes-nous","status":"publish","type":"page","link":"https:\/\/e-cautio.eu\/fr-lu\/qui-sommes-nous\/","title":{"rendered":"Qui sommes nous ?"},"content":{"rendered":"\t\t<div data-elementor-type=\"wp-page\" data-elementor-id=\"847\" class=\"elementor elementor-847 elementor-56\" data-elementor-settings=\"{&quot;element_pack_global_tooltip_width&quot;:{&quot;unit&quot;:&quot;px&quot;,&quot;size&quot;:&quot;&quot;,&quot;sizes&quot;:[]},&quot;element_pack_global_tooltip_width_tablet&quot;:{&quot;unit&quot;:&quot;px&quot;,&quot;size&quot;:&quot;&quot;,&quot;sizes&quot;:[]},&quot;element_pack_global_tooltip_width_mobile&quot;:{&quot;unit&quot;:&quot;px&quot;,&quot;size&quot;:&quot;&quot;,&quot;sizes&quot;:[]},&quot;element_pack_global_tooltip_padding&quot;:{&quot;unit&quot;:&quot;px&quot;,&quot;top&quot;:&quot;&quot;,&quot;right&quot;:&quot;&quot;,&quot;bottom&quot;:&quot;&quot;,&quot;left&quot;:&quot;&quot;,&quot;isLinked&quot;:true},&quot;element_pack_global_tooltip_padding_tablet&quot;:{&quot;unit&quot;:&quot;px&quot;,&quot;top&quot;:&quot;&quot;,&quot;right&quot;:&quot;&quot;,&quot;bottom&quot;:&quot;&quot;,&quot;left&quot;:&quot;&quot;,&quot;isLinked&quot;:true},&quot;element_pack_global_tooltip_padding_mobile&quot;:{&quot;unit&quot;:&quot;px&quot;,&quot;top&quot;:&quot;&quot;,&quot;right&quot;:&quot;&quot;,&quot;bottom&quot;:&quot;&quot;,&quot;left&quot;:&quot;&quot;,&quot;isLinked&quot;:true},&quot;element_pack_global_tooltip_border_radius&quot;:{&quot;unit&quot;:&quot;px&quot;,&quot;top&quot;:&quot;&quot;,&quot;right&quot;:&quot;&quot;,&quot;bottom&quot;:&quot;&quot;,&quot;left&quot;:&quot;&quot;,&quot;isLinked&quot;:true},&quot;element_pack_global_tooltip_border_radius_tablet&quot;:{&quot;unit&quot;:&quot;px&quot;,&quot;top&quot;:&quot;&quot;,&quot;right&quot;:&quot;&quot;,&quot;bottom&quot;:&quot;&quot;,&quot;left&quot;:&quot;&quot;,&quot;isLinked&quot;:true},&quot;element_pack_global_tooltip_border_radius_mobile&quot;:{&quot;unit&quot;:&quot;px&quot;,&quot;top&quot;:&quot;&quot;,&quot;right&quot;:&quot;&quot;,&quot;bottom&quot;:&quot;&quot;,&quot;left&quot;:&quot;&quot;,&quot;isLinked&quot;:true}}\">\n\t\t\t\t<div class=\"elementor-element elementor-element-0159036 e-flex e-con-boxed e-con e-parent\" data-id=\"0159036\" data-element_type=\"container\" data-e-type=\"container\">\n\t\t\t\t\t<div class=\"e-con-inner\">\n\t\t<div class=\"elementor-element elementor-element-30f2139 e-con-full e-flex elementor-invisible e-con e-child\" data-id=\"30f2139\" data-element_type=\"container\" data-e-type=\"container\" data-settings=\"{&quot;background_background&quot;:&quot;gradient&quot;,&quot;animation&quot;:&quot;fadeInRight&quot;,&quot;animation_delay&quot;:250}\">\n\t\t<div class=\"elementor-element elementor-element-04378f7 e-con-full e-flex e-con e-child\" data-id=\"04378f7\" data-element_type=\"container\" data-e-type=\"container\">\n\t\t\t\t<div class=\"elementor-element elementor-element-b9d3691 elementor-widget__width-initial elementor-widget elementor-widget-heading\" data-id=\"b9d3691\" data-element_type=\"widget\" data-e-type=\"widget\" data-widget_type=\"heading.default\">\n\t\t\t\t<div class=\"elementor-widget-container\">\n\t\t\t\t\t<h2 class=\"elementor-heading-title elementor-size-default\">Qui sommes-nous ?<\/h2>\t\t\t\t<\/div>\n\t\t\t\t<\/div>\n\t\t\t\t<div class=\"elementor-element elementor-element-ef88c23 elementor-widget__width-initial elementor-widget elementor-widget-text-editor\" data-id=\"ef88c23\" data-element_type=\"widget\" data-e-type=\"widget\" data-widget_type=\"text-editor.default\">\n\t\t\t\t<div class=\"elementor-widget-container\">\n\t\t\t\t\t\t\t\t\t<p>E-Cautio est une marque commerciale d&#8217;EuroCaution SA fond\u00e9e\u00a0<span style=\"font-size: inherit; background-color: transparent;\">en 2012.<\/span><\/p><p><span style=\"font-size: inherit; background-color: transparent;\">EuroCaution SA est un courtier en assurances et r\u00e9assurances, sp\u00e9cialis\u00e9 dans la souscription des branches cautions, cr\u00e9dits et pertes financi\u00e8res diverses.\u00a0<\/span><\/p>\t\t\t\t\t\t\t\t<\/div>\n\t\t\t\t<\/div>\n\t\t\t\t<div class=\"elementor-element elementor-element-2b74072 elementor-widget elementor-widget-button\" data-id=\"2b74072\" data-element_type=\"widget\" data-e-type=\"widget\" data-widget_type=\"button.default\">\n\t\t\t\t<div class=\"elementor-widget-container\">\n\t\t\t\t\t\t\t\t\t<div class=\"elementor-button-wrapper\">\n\t\t\t\t\t<a class=\"elementor-button elementor-button-link elementor-size-sm\" href=\"https:\/\/e-cautio.eu\/contact\/\">\n\t\t\t\t\t\t<span class=\"elementor-button-content-wrapper\">\n\t\t\t\t\t\t\t\t\t<span class=\"elementor-button-text\">Contactez-nous<\/span>\n\t\t\t\t\t<\/span>\n\t\t\t\t\t<\/a>\n\t\t\t\t<\/div>\n\t\t\t\t\t\t\t\t<\/div>\n\t\t\t\t<\/div>\n\t\t\t\t<\/div>\n\t\t<div class=\"elementor-element elementor-element-9a29ec1 e-con-full e-flex e-con e-child\" data-id=\"9a29ec1\" data-element_type=\"container\" data-e-type=\"container\" data-settings=\"{&quot;background_background&quot;:&quot;classic&quot;}\">\n\t\t\t\t<div class=\"elementor-element elementor-element-53d717c elementor-widget elementor-widget-heading\" data-id=\"53d717c\" data-element_type=\"widget\" data-e-type=\"widget\" data-widget_type=\"heading.default\">\n\t\t\t\t<div class=\"elementor-widget-container\">\n\t\t\t\t\t<h6 class=\"elementor-heading-title elementor-size-default\">D\u00e9couvrez nos autres produits et services sur<\/h6>\t\t\t\t<\/div>\n\t\t\t\t<\/div>\n\t\t\t\t<div class=\"elementor-element elementor-element-643d5cd elementor-widget elementor-widget-bdt-animated-link\" data-id=\"643d5cd\" data-element_type=\"widget\" data-e-type=\"widget\" data-widget_type=\"bdt-animated-link.default\">\n\t\t\t\t<div class=\"elementor-widget-container\">\n\t\t\t\t\t\t\t\t\t\t<a class=\"bdt-ep-animated-link bdt-ep-animated-link--dia\" href=\"https:\/\/eurocaution.eu\/fr\/produits-et-services\/\">\n\t\t\t\teurocaution.eu\t\t\t<\/a>\n\t\t\n\t\t\t\t<\/div>\n\t\t\t\t<\/div>\n\t\t\t\t<\/div>\n\t\t\t\t<\/div>\n\t\t<div class=\"elementor-element elementor-element-662a08f e-con-full e-flex e-con e-child\" data-id=\"662a08f\" data-element_type=\"container\" data-e-type=\"container\" data-settings=\"{&quot;background_background&quot;:&quot;classic&quot;}\">\n\t\t<div class=\"elementor-element elementor-element-09fbb8d e-con-full  ui-fluid-animation-1 e-flex elementor-invisible e-con e-child\" data-id=\"09fbb8d\" data-element_type=\"container\" data-e-type=\"container\" data-settings=\"{&quot;background_background&quot;:&quot;classic&quot;,&quot;animation&quot;:&quot;fadeInRight&quot;,&quot;section_fluid_on&quot;:&quot;yes&quot;,&quot;uicore_fluid_animation&quot;:&quot;ui-fluid-animation-1&quot;}\">\n\t\t\t\t<div class=\"elementor-element elementor-element-2ec8bda elementor-invisible elementor-widget elementor-widget-image\" data-id=\"2ec8bda\" data-element_type=\"widget\" data-e-type=\"widget\" data-settings=\"{&quot;_animation&quot;:&quot;fadeInUp&quot;,&quot;_animation_delay&quot;:500}\" data-widget_type=\"image.default\">\n\t\t\t\t<div class=\"elementor-widget-container\">\n\t\t\t\t\t\t\t\t\t\t\t\t\t\t\t<img fetchpriority=\"high\" decoding=\"async\" width=\"1392\" height=\"1516\" src=\"https:\/\/e-cautio.eu\/wp-content\/uploads\/2025\/05\/QUI-SOMMES-NOUS-1.png\" class=\"attachment-full size-full wp-image-722\" alt=\"\" srcset=\"https:\/\/e-cautio.eu\/wp-content\/uploads\/2025\/05\/QUI-SOMMES-NOUS-1.png 1392w, https:\/\/e-cautio.eu\/wp-content\/uploads\/2025\/05\/QUI-SOMMES-NOUS-1-275x300.png 275w, https:\/\/e-cautio.eu\/wp-content\/uploads\/2025\/05\/QUI-SOMMES-NOUS-1-940x1024.png 940w, https:\/\/e-cautio.eu\/wp-content\/uploads\/2025\/05\/QUI-SOMMES-NOUS-1-768x836.png 768w, https:\/\/e-cautio.eu\/wp-content\/uploads\/2025\/05\/QUI-SOMMES-NOUS-1-597x650.png 597w\" sizes=\"(max-width: 1392px) 100vw, 1392px\" \/>\t\t\t\t\t\t\t\t\t\t\t\t\t\t\t<\/div>\n\t\t\t\t<\/div>\n\t\t\t\t<\/div>\n\t\t\t\t<\/div>\n\t\t\t\t\t<\/div>\n\t\t\t\t<\/div>\n\t\t<div class=\"elementor-element elementor-element-aef2df9 e-flex e-con-boxed elementor-invisible e-con e-parent\" data-id=\"aef2df9\" data-element_type=\"container\" data-e-type=\"container\" data-settings=\"{&quot;animation&quot;:&quot;fadeInUp&quot;,&quot;animation_delay&quot;:250}\">\n\t\t\t\t\t<div class=\"e-con-inner\">\n\t\t<div class=\"elementor-element elementor-element-d1ed597 e-con-full e-flex e-con e-child\" data-id=\"d1ed597\" data-element_type=\"container\" data-e-type=\"container\" data-settings=\"{&quot;background_background&quot;:&quot;classic&quot;}\">\n\t\t<div class=\"elementor-element elementor-element-afad2b9 e-con-full e-flex e-con e-child\" data-id=\"afad2b9\" data-element_type=\"container\" data-e-type=\"container\">\n\t\t\t\t<div class=\"elementor-element elementor-element-f0fdc7d elementor-widget elementor-widget-video\" data-id=\"f0fdc7d\" data-element_type=\"widget\" data-e-type=\"widget\" data-settings=\"{&quot;youtube_url&quot;:&quot;https:\\\/\\\/youtu.be\\\/Dcvoh3z8xwA?si=E8KBFOUUXv33u1MF&quot;,&quot;video_type&quot;:&quot;youtube&quot;,&quot;controls&quot;:&quot;yes&quot;}\" data-widget_type=\"video.default\">\n\t\t\t\t<div class=\"elementor-widget-container\">\n\t\t\t\t\t\t\t<div class=\"elementor-wrapper elementor-open-inline\">\n\t\t\t<div class=\"elementor-video\"><\/div>\t\t<\/div>\n\t\t\t\t\t\t<\/div>\n\t\t\t\t<\/div>\n\t\t\t\t<\/div>\n\t\t<div class=\"elementor-element elementor-element-3556350 e-con-full e-flex e-con e-child\" data-id=\"3556350\" data-element_type=\"container\" data-e-type=\"container\">\n\t\t\t\t<div class=\"elementor-element elementor-element-c0071f2 elementor-widget__width-initial elementor-widget elementor-widget-heading\" data-id=\"c0071f2\" data-element_type=\"widget\" data-e-type=\"widget\" data-widget_type=\"heading.default\">\n\t\t\t\t<div class=\"elementor-widget-container\">\n\t\t\t\t\t<h2 class=\"elementor-heading-title elementor-size-default\">EuroCaution.tv<\/h2>\t\t\t\t<\/div>\n\t\t\t\t<\/div>\n\t\t\t\t<div class=\"elementor-element elementor-element-3d9a699 elementor-widget__width-initial elementor-widget elementor-widget-text-editor\" data-id=\"3d9a699\" data-element_type=\"widget\" data-e-type=\"widget\" data-widget_type=\"text-editor.default\">\n\t\t\t\t<div class=\"elementor-widget-container\">\n\t\t\t\t\t\t\t\t\t<p>D\u00e9couvrez des interviews avec nos clients et les reportages vid\u00e9os de nos \u00e9v\u00e9nements.<\/p>\t\t\t\t\t\t\t\t<\/div>\n\t\t\t\t<\/div>\n\t\t\t\t<div class=\"elementor-element elementor-element-cb98ea6 elementor-widget elementor-widget-button\" data-id=\"cb98ea6\" data-element_type=\"widget\" data-e-type=\"widget\" data-widget_type=\"button.default\">\n\t\t\t\t<div class=\"elementor-widget-container\">\n\t\t\t\t\t\t\t\t\t<div class=\"elementor-button-wrapper\">\n\t\t\t\t\t<a class=\"elementor-button elementor-button-link elementor-size-sm\" href=\"http:\/\/www.youtube.com\/@eurocaution\">\n\t\t\t\t\t\t<span class=\"elementor-button-content-wrapper\">\n\t\t\t\t\t\t<span class=\"elementor-button-icon\">\n\t\t\t\t<svg aria-hidden=\"true\" class=\"e-font-icon-svg e-fab-youtube\" viewBox=\"0 0 576 512\" xmlns=\"http:\/\/www.w3.org\/2000\/svg\"><path d=\"M549.655 124.083c-6.281-23.65-24.787-42.276-48.284-48.597C458.781 64 288 64 288 64S117.22 64 74.629 75.486c-23.497 6.322-42.003 24.947-48.284 48.597-11.412 42.867-11.412 132.305-11.412 132.305s0 89.438 11.412 132.305c6.281 23.65 24.787 41.5 48.284 47.821C117.22 448 288 448 288 448s170.78 0 213.371-11.486c23.497-6.321 42.003-24.171 48.284-47.821 11.412-42.867 11.412-132.305 11.412-132.305s0-89.438-11.412-132.305zm-317.51 213.508V175.185l142.739 81.205-142.739 81.201z\"><\/path><\/svg>\t\t\t<\/span>\n\t\t\t\t\t\t\t\t\t<span class=\"elementor-button-text\">Voir la chaine<\/span>\n\t\t\t\t\t<\/span>\n\t\t\t\t\t<\/a>\n\t\t\t\t<\/div>\n\t\t\t\t\t\t\t\t<\/div>\n\t\t\t\t<\/div>\n\t\t\t\t<\/div>\n\t\t\t\t<\/div>\n\t\t\t\t\t<\/div>\n\t\t\t\t<\/div>\n\t\t\t\t<\/div>\n\t\t","protected":false},"excerpt":{"rendered":"<p>Qui sommes-nous ? E-Cautio est une marque commerciale d&#8217;EuroCaution SA fond\u00e9e\u00a0en 2012. EuroCaution SA est un courtier en assurances et r\u00e9assurances, sp\u00e9cialis\u00e9 dans la souscription des branches cautions, cr\u00e9dits et pertes financi\u00e8res diverses.\u00a0 Contactez-nous D\u00e9couvrez nos autres produits et services sur eurocaution.eu https:\/\/youtu.be\/Dcvoh3z8xwA?si=E8KBFOUUXv33u1MF EuroCaution.tv D\u00e9couvrez des interviews avec nos clients et les reportages vid\u00e9os de [&hellip;]<\/p>\n","protected":false},"author":1,"featured_media":0,"parent":0,"menu_order":0,"comment_status":"closed","ping_status":"closed","template":"","meta":{"footnotes":""},"class_list":["post-847","page","type-page","status-publish","hentry"],"yoast_head":"<!-- This site is optimized with the Yoast SEO Premium plugin v27.5 (Yoast SEO v27.5) - https:\/\/yoast.com\/product\/yoast-seo-premium-wordpress\/ -->\n<title>Qui sommes nous ? - Ecautio by EuroCaution<\/title>\n<meta name=\"robots\" content=\"index, follow, max-snippet:-1, max-image-preview:large, max-video-preview:-1\" \/>\n<link rel=\"canonical\" href=\"https:\/\/e-cautio.eu\/fr-lu\/qui-sommes-nous\/\" \/>\n<meta property=\"og:locale\" content=\"fr_FR\" \/>\n<meta property=\"og:type\" content=\"article\" \/>\n<meta property=\"og:title\" content=\"Qui sommes nous ?\" \/>\n<meta property=\"og:description\" content=\"Qui sommes-nous ? E-Cautio est une marque commerciale d&#8217;EuroCaution SA fond\u00e9e\u00a0en 2012. EuroCaution SA est un courtier en assurances et r\u00e9assurances, sp\u00e9cialis\u00e9 dans la souscription des branches cautions, cr\u00e9dits et pertes financi\u00e8res diverses.\u00a0 Contactez-nous D\u00e9couvrez nos autres produits et services sur eurocaution.eu https:\/\/youtu.be\/Dcvoh3z8xwA?si=E8KBFOUUXv33u1MF EuroCaution.tv D\u00e9couvrez des interviews avec nos clients et les reportages vid\u00e9os de [&hellip;]\" \/>\n<meta property=\"og:url\" content=\"https:\/\/e-cautio.eu\/fr-lu\/qui-sommes-nous\/\" \/>\n<meta property=\"og:site_name\" content=\"Ecautio by EuroCaution\" \/>\n<meta property=\"og:image\" content=\"https:\/\/e-cautio.eu\/wp-content\/uploads\/2025\/05\/QUI-SOMMES-NOUS-1.png\" \/>\n<meta name=\"twitter:card\" content=\"summary_large_image\" \/>\n<script type=\"application\/ld+json\" class=\"yoast-schema-graph\">{\"@context\":\"https:\\\/\\\/schema.org\",\"@graph\":[{\"@type\":\"WebPage\",\"@id\":\"https:\\\/\\\/e-cautio.eu\\\/fr-lu\\\/qui-sommes-nous\\\/\",\"url\":\"https:\\\/\\\/e-cautio.eu\\\/fr-lu\\\/qui-sommes-nous\\\/\",\"name\":\"Qui sommes nous ? - Ecautio by EuroCaution\",\"isPartOf\":{\"@id\":\"https:\\\/\\\/e-cautio.eu\\\/fr-lu\\\/#website\"},\"primaryImageOfPage\":{\"@id\":\"https:\\\/\\\/e-cautio.eu\\\/fr-lu\\\/qui-sommes-nous\\\/#primaryimage\"},\"image\":{\"@id\":\"https:\\\/\\\/e-cautio.eu\\\/fr-lu\\\/qui-sommes-nous\\\/#primaryimage\"},\"thumbnailUrl\":\"https:\\\/\\\/e-cautio.eu\\\/wp-content\\\/uploads\\\/2025\\\/05\\\/QUI-SOMMES-NOUS-1.png\",\"datePublished\":\"2024-10-29T10:56:09+00:00\",\"breadcrumb\":{\"@id\":\"https:\\\/\\\/e-cautio.eu\\\/fr-lu\\\/qui-sommes-nous\\\/#breadcrumb\"},\"inLanguage\":\"fr-LU\",\"potentialAction\":[{\"@type\":\"ReadAction\",\"target\":[\"https:\\\/\\\/e-cautio.eu\\\/fr-lu\\\/qui-sommes-nous\\\/\"]}]},{\"@type\":\"ImageObject\",\"inLanguage\":\"fr-LU\",\"@id\":\"https:\\\/\\\/e-cautio.eu\\\/fr-lu\\\/qui-sommes-nous\\\/#primaryimage\",\"url\":\"https:\\\/\\\/e-cautio.eu\\\/wp-content\\\/uploads\\\/2025\\\/05\\\/QUI-SOMMES-NOUS-1.png\",\"contentUrl\":\"https:\\\/\\\/e-cautio.eu\\\/wp-content\\\/uploads\\\/2025\\\/05\\\/QUI-SOMMES-NOUS-1.png\"},{\"@type\":\"BreadcrumbList\",\"@id\":\"https:\\\/\\\/e-cautio.eu\\\/fr-lu\\\/qui-sommes-nous\\\/#breadcrumb\",\"itemListElement\":[{\"@type\":\"ListItem\",\"position\":1,\"name\":\"Home\",\"item\":\"https:\\\/\\\/e-cautio.eu\\\/fr-lu\\\/\"},{\"@type\":\"ListItem\",\"position\":2,\"name\":\"Qui sommes nous ?\"}]},{\"@type\":\"WebSite\",\"@id\":\"https:\\\/\\\/e-cautio.eu\\\/fr-lu\\\/#website\",\"url\":\"https:\\\/\\\/e-cautio.eu\\\/fr-lu\\\/\",\"name\":\"Ecautio by EuroCaution\",\"description\":\"La meilleure alternative aux garanties et cautions bancaires\",\"publisher\":{\"@id\":\"https:\\\/\\\/e-cautio.eu\\\/fr-lu\\\/#organization\"},\"alternateName\":\"E-Cautio\",\"potentialAction\":[{\"@type\":\"SearchAction\",\"target\":{\"@type\":\"EntryPoint\",\"urlTemplate\":\"https:\\\/\\\/e-cautio.eu\\\/fr-lu\\\/?s={search_term_string}\"},\"query-input\":{\"@type\":\"PropertyValueSpecification\",\"valueRequired\":true,\"valueName\":\"search_term_string\"}}],\"inLanguage\":\"fr-LU\"},{\"@type\":\"Organization\",\"@id\":\"https:\\\/\\\/e-cautio.eu\\\/fr-lu\\\/#organization\",\"name\":\"Ecautio by EuroCaution\",\"url\":\"https:\\\/\\\/e-cautio.eu\\\/fr-lu\\\/\",\"logo\":{\"@type\":\"ImageObject\",\"inLanguage\":\"fr-LU\",\"@id\":\"https:\\\/\\\/e-cautio.eu\\\/fr-lu\\\/#\\\/schema\\\/logo\\\/image\\\/\",\"url\":\"https:\\\/\\\/e-cautio.eu\\\/wp-content\\\/uploads\\\/2025\\\/05\\\/Ecautio.svg\",\"contentUrl\":\"https:\\\/\\\/e-cautio.eu\\\/wp-content\\\/uploads\\\/2025\\\/05\\\/Ecautio.svg\",\"width\":360,\"height\":90,\"caption\":\"Ecautio by EuroCaution\"},\"image\":{\"@id\":\"https:\\\/\\\/e-cautio.eu\\\/fr-lu\\\/#\\\/schema\\\/logo\\\/image\\\/\"},\"sameAs\":[\"https:\\\/\\\/www.linkedin.com\\\/showcase\\\/ecautio\"]}]}<\/script>\n<!-- \/ Yoast SEO Premium plugin. -->","yoast_head_json":{"title":"Qui sommes nous ? - Ecautio by EuroCaution","robots":{"index":"index","follow":"follow","max-snippet":"max-snippet:-1","max-image-preview":"max-image-preview:large","max-video-preview":"max-video-preview:-1"},"canonical":"https:\/\/e-cautio.eu\/fr-lu\/qui-sommes-nous\/","og_locale":"fr_FR","og_type":"article","og_title":"Qui sommes nous ?","og_description":"Qui sommes-nous ? E-Cautio est une marque commerciale d&#8217;EuroCaution SA fond\u00e9e\u00a0en 2012. EuroCaution SA est un courtier en assurances et r\u00e9assurances, sp\u00e9cialis\u00e9 dans la souscription des branches cautions, cr\u00e9dits et pertes financi\u00e8res diverses.\u00a0 Contactez-nous D\u00e9couvrez nos autres produits et services sur eurocaution.eu https:\/\/youtu.be\/Dcvoh3z8xwA?si=E8KBFOUUXv33u1MF EuroCaution.tv D\u00e9couvrez des interviews avec nos clients et les reportages vid\u00e9os de [&hellip;]","og_url":"https:\/\/e-cautio.eu\/fr-lu\/qui-sommes-nous\/","og_site_name":"Ecautio by EuroCaution","og_image":[{"url":"https:\/\/e-cautio.eu\/wp-content\/uploads\/2025\/05\/QUI-SOMMES-NOUS-1.png","type":"","width":"","height":""}],"twitter_card":"summary_large_image","schema":{"@context":"https:\/\/schema.org","@graph":[{"@type":"WebPage","@id":"https:\/\/e-cautio.eu\/fr-lu\/qui-sommes-nous\/","url":"https:\/\/e-cautio.eu\/fr-lu\/qui-sommes-nous\/","name":"Qui sommes nous ? - Ecautio by EuroCaution","isPartOf":{"@id":"https:\/\/e-cautio.eu\/fr-lu\/#website"},"primaryImageOfPage":{"@id":"https:\/\/e-cautio.eu\/fr-lu\/qui-sommes-nous\/#primaryimage"},"image":{"@id":"https:\/\/e-cautio.eu\/fr-lu\/qui-sommes-nous\/#primaryimage"},"thumbnailUrl":"https:\/\/e-cautio.eu\/wp-content\/uploads\/2025\/05\/QUI-SOMMES-NOUS-1.png","datePublished":"2024-10-29T10:56:09+00:00","breadcrumb":{"@id":"https:\/\/e-cautio.eu\/fr-lu\/qui-sommes-nous\/#breadcrumb"},"inLanguage":"fr-LU","potentialAction":[{"@type":"ReadAction","target":["https:\/\/e-cautio.eu\/fr-lu\/qui-sommes-nous\/"]}]},{"@type":"ImageObject","inLanguage":"fr-LU","@id":"https:\/\/e-cautio.eu\/fr-lu\/qui-sommes-nous\/#primaryimage","url":"https:\/\/e-cautio.eu\/wp-content\/uploads\/2025\/05\/QUI-SOMMES-NOUS-1.png","contentUrl":"https:\/\/e-cautio.eu\/wp-content\/uploads\/2025\/05\/QUI-SOMMES-NOUS-1.png"},{"@type":"BreadcrumbList","@id":"https:\/\/e-cautio.eu\/fr-lu\/qui-sommes-nous\/#breadcrumb","itemListElement":[{"@type":"ListItem","position":1,"name":"Home","item":"https:\/\/e-cautio.eu\/fr-lu\/"},{"@type":"ListItem","position":2,"name":"Qui sommes nous ?"}]},{"@type":"WebSite","@id":"https:\/\/e-cautio.eu\/fr-lu\/#website","url":"https:\/\/e-cautio.eu\/fr-lu\/","name":"Ecautio by EuroCaution","description":"La meilleure alternative aux garanties et cautions bancaires","publisher":{"@id":"https:\/\/e-cautio.eu\/fr-lu\/#organization"},"alternateName":"E-Cautio","potentialAction":[{"@type":"SearchAction","target":{"@type":"EntryPoint","urlTemplate":"https:\/\/e-cautio.eu\/fr-lu\/?s={search_term_string}"},"query-input":{"@type":"PropertyValueSpecification","valueRequired":true,"valueName":"search_term_string"}}],"inLanguage":"fr-LU"},{"@type":"Organization","@id":"https:\/\/e-cautio.eu\/fr-lu\/#organization","name":"Ecautio by EuroCaution","url":"https:\/\/e-cautio.eu\/fr-lu\/","logo":{"@type":"ImageObject","inLanguage":"fr-LU","@id":"https:\/\/e-cautio.eu\/fr-lu\/#\/schema\/logo\/image\/","url":"https:\/\/e-cautio.eu\/wp-content\/uploads\/2025\/05\/Ecautio.svg","contentUrl":"https:\/\/e-cautio.eu\/wp-content\/uploads\/2025\/05\/Ecautio.svg","width":360,"height":90,"caption":"Ecautio by EuroCaution"},"image":{"@id":"https:\/\/e-cautio.eu\/fr-lu\/#\/schema\/logo\/image\/"},"sameAs":["https:\/\/www.linkedin.com\/showcase\/ecautio"]}]}},"_links":{"self":[{"href":"https:\/\/e-cautio.eu\/fr-lu\/wp-json\/wp\/v2\/pages\/847","targetHints":{"allow":["GET"]}}],"collection":[{"href":"https:\/\/e-cautio.eu\/fr-lu\/wp-json\/wp\/v2\/pages"}],"about":[{"href":"https:\/\/e-cautio.eu\/fr-lu\/wp-json\/wp\/v2\/types\/page"}],"author":[{"embeddable":true,"href":"https:\/\/e-cautio.eu\/fr-lu\/wp-json\/wp\/v2\/users\/1"}],"replies":[{"embeddable":true,"href":"https:\/\/e-cautio.eu\/fr-lu\/wp-json\/wp\/v2\/comments?post=847"}],"version-history":[{"count":0,"href":"https:\/\/e-cautio.eu\/fr-lu\/wp-json\/wp\/v2\/pages\/847\/revisions"}],"wp:attachment":[{"href":"https:\/\/e-cautio.eu\/fr-lu\/wp-json\/wp\/v2\/media?parent=847"}],"curies":[{"name":"wp","href":"https:\/\/api.w.org\/{rel}","templated":true}]}}