{"id":851,"date":"2025-05-02T09:09:17","date_gmt":"2025-05-02T07:09:17","guid":{"rendered":"https:\/\/e-cautio.eu\/actualites\/"},"modified":"2025-05-02T09:09:17","modified_gmt":"2025-05-02T07:09:17","slug":"actualites","status":"publish","type":"page","link":"https:\/\/e-cautio.eu\/fr-lu\/actualites\/","title":{"rendered":"Actualit\u00e9s"},"content":{"rendered":"\t\t<div data-elementor-type=\"wp-page\" data-elementor-id=\"851\" class=\"elementor elementor-851 elementor-262\" data-elementor-settings=\"{&quot;element_pack_global_tooltip_width&quot;:{&quot;unit&quot;:&quot;px&quot;,&quot;size&quot;:&quot;&quot;,&quot;sizes&quot;:[]},&quot;element_pack_global_tooltip_width_tablet&quot;:{&quot;unit&quot;:&quot;px&quot;,&quot;size&quot;:&quot;&quot;,&quot;sizes&quot;:[]},&quot;element_pack_global_tooltip_width_mobile&quot;:{&quot;unit&quot;:&quot;px&quot;,&quot;size&quot;:&quot;&quot;,&quot;sizes&quot;:[]},&quot;element_pack_global_tooltip_padding&quot;:{&quot;unit&quot;:&quot;px&quot;,&quot;top&quot;:&quot;&quot;,&quot;right&quot;:&quot;&quot;,&quot;bottom&quot;:&quot;&quot;,&quot;left&quot;:&quot;&quot;,&quot;isLinked&quot;:true},&quot;element_pack_global_tooltip_padding_tablet&quot;:{&quot;unit&quot;:&quot;px&quot;,&quot;top&quot;:&quot;&quot;,&quot;right&quot;:&quot;&quot;,&quot;bottom&quot;:&quot;&quot;,&quot;left&quot;:&quot;&quot;,&quot;isLinked&quot;:true},&quot;element_pack_global_tooltip_padding_mobile&quot;:{&quot;unit&quot;:&quot;px&quot;,&quot;top&quot;:&quot;&quot;,&quot;right&quot;:&quot;&quot;,&quot;bottom&quot;:&quot;&quot;,&quot;left&quot;:&quot;&quot;,&quot;isLinked&quot;:true},&quot;element_pack_global_tooltip_border_radius&quot;:{&quot;unit&quot;:&quot;px&quot;,&quot;top&quot;:&quot;&quot;,&quot;right&quot;:&quot;&quot;,&quot;bottom&quot;:&quot;&quot;,&quot;left&quot;:&quot;&quot;,&quot;isLinked&quot;:true},&quot;element_pack_global_tooltip_border_radius_tablet&quot;:{&quot;unit&quot;:&quot;px&quot;,&quot;top&quot;:&quot;&quot;,&quot;right&quot;:&quot;&quot;,&quot;bottom&quot;:&quot;&quot;,&quot;left&quot;:&quot;&quot;,&quot;isLinked&quot;:true},&quot;element_pack_global_tooltip_border_radius_mobile&quot;:{&quot;unit&quot;:&quot;px&quot;,&quot;top&quot;:&quot;&quot;,&quot;right&quot;:&quot;&quot;,&quot;bottom&quot;:&quot;&quot;,&quot;left&quot;:&quot;&quot;,&quot;isLinked&quot;:true}}\">\n\t\t\t\t<div class=\"elementor-element elementor-element-4af94a79 e-flex e-con-boxed e-con e-parent\" data-id=\"4af94a79\" data-element_type=\"container\" data-e-type=\"container\">\n\t\t\t\t\t<div class=\"e-con-inner\">\n\t\t<div class=\"elementor-element elementor-element-2caebf4b e-con-full e-flex elementor-invisible e-con e-child\" data-id=\"2caebf4b\" data-element_type=\"container\" data-e-type=\"container\" data-settings=\"{&quot;background_background&quot;:&quot;classic&quot;,&quot;animation&quot;:&quot;fadeInLeft&quot;,&quot;animation_delay&quot;:250}\">\n\t\t\t\t<div class=\"elementor-element elementor-element-5eaea10f elementor-widget__width-initial elementor-widget elementor-widget-heading\" data-id=\"5eaea10f\" data-element_type=\"widget\" data-e-type=\"widget\" data-widget_type=\"heading.default\">\n\t\t\t\t<div class=\"elementor-widget-container\">\n\t\t\t\t\t<h2 class=\"elementor-heading-title elementor-size-default\">Nos Actualit\u00e9s<\/h2>\t\t\t\t<\/div>\n\t\t\t\t<\/div>\n\t\t\t\t<div class=\"elementor-element elementor-element-72e7f55f elementor-widget elementor-widget-text-editor\" data-id=\"72e7f55f\" data-element_type=\"widget\" data-e-type=\"widget\" data-widget_type=\"text-editor.default\">\n\t\t\t\t<div class=\"elementor-widget-container\">\n\t\t\t\t\t\t\t\t\t<p>Des questions? <u>Contactez-nous<\/u><\/p>\t\t\t\t\t\t\t\t<\/div>\n\t\t\t\t<\/div>\n\t\t<div class=\"elementor-element elementor-element-492b9ca e-con-full e-flex e-con e-child\" data-id=\"492b9ca\" data-element_type=\"container\" data-e-type=\"container\">\n\t\t\t\t<div class=\"elementor-element elementor-element-43cf22b elementor-widget elementor-widget-image\" data-id=\"43cf22b\" data-element_type=\"widget\" data-e-type=\"widget\" data-widget_type=\"image.default\">\n\t\t\t\t<div class=\"elementor-widget-container\">\n\t\t\t\t\t\t\t\t\t\t\t\t\t\t\t<img fetchpriority=\"high\" decoding=\"async\" width=\"800\" height=\"1200\" src=\"https:\/\/e-cautio.eu\/wp-content\/uploads\/2025\/05\/ab4bjszotti.jpg\" class=\"attachment-full size-full wp-image-728\" alt=\"\" srcset=\"https:\/\/e-cautio.eu\/wp-content\/uploads\/2025\/05\/ab4bjszotti.jpg 800w, https:\/\/e-cautio.eu\/wp-content\/uploads\/2025\/05\/ab4bjszotti-200x300.jpg 200w, https:\/\/e-cautio.eu\/wp-content\/uploads\/2025\/05\/ab4bjszotti-683x1024.jpg 683w, https:\/\/e-cautio.eu\/wp-content\/uploads\/2025\/05\/ab4bjszotti-768x1152.jpg 768w, https:\/\/e-cautio.eu\/wp-content\/uploads\/2025\/05\/ab4bjszotti-433x650.jpg 433w\" sizes=\"(max-width: 800px) 100vw, 800px\" \/>\t\t\t\t\t\t\t\t\t\t\t\t\t\t\t<\/div>\n\t\t\t\t<\/div>\n\t\t\t\t<\/div>\n\t\t\t\t<\/div>\n\t\t<div class=\"elementor-element elementor-element-73bb7a53 e-con-full e-flex elementor-invisible e-con e-child\" data-id=\"73bb7a53\" data-element_type=\"container\" data-e-type=\"container\" data-settings=\"{&quot;background_background&quot;:&quot;classic&quot;,&quot;animation&quot;:&quot;fadeInRight&quot;,&quot;animation_delay&quot;:500}\">\n\t\t\t\t<div class=\"elementor-element elementor-element-681ad6fe ui-e-apg-split no elementor-widget elementor-widget-uicore-advanced-post-grid woocommerce elementor-widget-uicore-advanced-post-grid\" data-id=\"681ad6fe\" data-element_type=\"widget\" data-e-type=\"widget\" data-settings=\"{&quot;animate_items&quot;:&quot;ui-e-grid-animate&quot;,&quot;masonry&quot;:&quot;no&quot;,&quot;animate_item_type&quot;:&quot;fadeInUp&quot;}\" data-widget_type=\"uicore-advanced-post-grid.default\">\n\t\t\t\t<div class=\"elementor-widget-container\">\n\t\t\t\t\t            <div class=\"ui-e-adv-grid \">\n                \n                <div class=\"ui-e-post-item ui-e-item ui-e-animations-wrp elementor-invisible \">\n                    <article class=\"post-1059 post type-post status-publish format-standard has-post-thumbnail hentry category-ecautio-transport-fr-lu\">\n                        <div class=\"ui-e-post-top\">\n                                    <a class=\"ui-e-post-img-wrapp\"\n            href=\"https:\/\/e-cautio.eu\/fr-lu\/capacite-financiere-et-gestion-des-liquidites\/\"\n            title=\"View Post:Capacit\u00e9 financi\u00e8re et gestion des liquidit\u00e9s\">\n\n                            <div class=\"ui-e-post-img\" style=\"background-image:url(https:\/\/e-cautio.eu\/wp-content\/uploads\/2025\/05\/8751926-1024x682.jpg)\"><\/div>\n                    <\/a>\n                                <div class=\"ui-e-post-top-meta\"><div class=\"ui-e-post-meta ui-e-top\"><div class=\"ui-e-meta-item\">12\/05\/2025<\/div><\/div><\/div>                        <\/div>\n\n                        \n                        <div class=\"ui-e-post-content\">\n\n                                                                <a href=\"https:\/\/e-cautio.eu\/fr-lu\/capacite-financiere-et-gestion-des-liquidites\/\" title=\"View Post:Capacit\u00e9 financi\u00e8re et gestion des liquidit\u00e9s\">\n            <h4 class=\"ui-e-post-title\">\n                <span> Capacit\u00e9 financi\u00e8re et gestion des liquidit\u00e9s <\/span>\n            <\/h4>\n        <\/a>\n                                                            <div class=\"ui-e-post-text\">Quelles options ? Extrait du magazine d&#8217;information n\u00b0 2 &#8211; avril 2025 de l&#8217;UPTR (NON-STOP) La Loi du 15 juillet 2013 relative au transport de marchandises par route encadre, en Belgique, les conditions d\u2019acc\u00e8s \u00e0 la profession et au march\u00e9 pr\u00e9vues dans les R\u00e8glements europ\u00e9ens 1071\/2009 et 1072\/2009 Paquet Mobilit\u00e9 Le \u2018Paquet Mobilit\u00e9\u2019 avait pr\u00e9vu&hellip;<\/div>                            <div class=\"ui-e-post-meta ui-e-bottom\"><\/div>                                    <a href=\"https:\/\/e-cautio.eu\/fr-lu\/capacite-financiere-et-gestion-des-liquidites\/\" class=\"elementor-button-link elementor-button ui-e-readmore\" role=\"button\">\n            <span class=\"elementor-button-content-wrapper\"><span class=\"elementor-button-text\">Read More<\/span> <\/span>        <\/a>\n                                <\/div>\n                    <\/article>\n                <\/div>\n\n                \n                <div class=\"ui-e-post-item ui-e-item ui-e-animations-wrp elementor-invisible \">\n                    <article class=\"post-845 post type-post status-publish format-standard has-post-thumbnail hentry category-ecautio-transport-fr-lu tag-transpro-fr-lu\">\n                        <div class=\"ui-e-post-top\">\n                                    <a class=\"ui-e-post-img-wrapp\"\n            href=\"https:\/\/e-cautio.eu\/fr-lu\/transpro\/\"\n            title=\"View Post:Transpro\">\n\n                            <div class=\"ui-e-post-img\" style=\"background-image:url(https:\/\/e-cautio.eu\/wp-content\/uploads\/2025\/05\/Transpro-1024x483.jpeg)\"><\/div>\n                    <\/a>\n                                <div class=\"ui-e-post-top-meta\"><div class=\"ui-e-post-meta ui-e-top\"><div class=\"ui-e-meta-item\">12\/05\/2025<\/div><\/div><\/div>                        <\/div>\n\n                        \n                        <div class=\"ui-e-post-content\">\n\n                                                                <a href=\"https:\/\/e-cautio.eu\/fr-lu\/transpro\/\" title=\"View Post:Transpro\">\n            <h4 class=\"ui-e-post-title\">\n                <span> Transpro <\/span>\n            <\/h4>\n        <\/a>\n                                                            <div class=\"ui-e-post-text\">Transpro &#8211; Le salon du Transport et de la Logistique en Belgique Nous faisons en effet partie des 70 exposants qui ont confirm\u00e9 leur participation&nbsp;! \ud83d\ude9bTRANSPRO 2025 approche \u00e0 grands pas \ud83d\ude9b \u27a1\ufe0f Direction le WEX de Marche-en-Famenne, ces 21 et 22 mai, pour la 3\u1d49 \u00e9dition du salon TRANSPRO, organis\u00e9 par la f\u00e9d\u00e9ration UPTR.&hellip;<\/div>                            <div class=\"ui-e-post-meta ui-e-bottom\"><\/div>                                    <a href=\"https:\/\/e-cautio.eu\/fr-lu\/transpro\/\" class=\"elementor-button-link elementor-button ui-e-readmore\" role=\"button\">\n            <span class=\"elementor-button-content-wrapper\"><span class=\"elementor-button-text\">Read More<\/span> <\/span>        <\/a>\n                                <\/div>\n                    <\/article>\n                <\/div>\n\n                            <\/div>\n\t\t\t\t<\/div>\n\t\t\t\t<\/div>\n\t\t\t\t<\/div>\n\t\t\t\t\t<\/div>\n\t\t\t\t<\/div>\n\t\t\t\t<\/div>\n\t\t","protected":false},"excerpt":{"rendered":"<p>Nos Actualit\u00e9s Des questions? Contactez-nous 01\/05\/2025 Transport is the key Transport is the ley Read More 01\/05\/2025 Hello world! Welcome to WordPress. This is your first post. Edit or delete it, then start writing! Read More<\/p>\n","protected":false},"author":1,"featured_media":0,"parent":0,"menu_order":0,"comment_status":"closed","ping_status":"closed","template":"","meta":{"footnotes":""},"class_list":["post-851","page","type-page","status-publish","hentry"],"yoast_head":"<!-- This site is optimized with the Yoast SEO Premium plugin v27.5 (Yoast SEO v27.5) - https:\/\/yoast.com\/product\/yoast-seo-premium-wordpress\/ -->\n<title>Actualit\u00e9s - Ecautio by EuroCaution<\/title>\n<meta name=\"robots\" content=\"index, follow, max-snippet:-1, max-image-preview:large, max-video-preview:-1\" \/>\n<link rel=\"canonical\" href=\"https:\/\/e-cautio.eu\/fr-lu\/actualites\/\" \/>\n<meta property=\"og:locale\" content=\"fr_FR\" \/>\n<meta property=\"og:type\" content=\"article\" \/>\n<meta property=\"og:title\" content=\"Actualit\u00e9s\" \/>\n<meta property=\"og:description\" content=\"Nos Actualit\u00e9s Des questions? Contactez-nous 01\/05\/2025 Transport is the key Transport is the ley Read More 01\/05\/2025 Hello world! Welcome to WordPress. This is your first post. Edit or delete it, then start writing! Read More\" \/>\n<meta property=\"og:url\" content=\"https:\/\/e-cautio.eu\/fr-lu\/actualites\/\" \/>\n<meta property=\"og:site_name\" content=\"Ecautio by EuroCaution\" \/>\n<meta property=\"og:image\" content=\"https:\/\/e-cautio.eu\/wp-content\/uploads\/2025\/05\/ab4bjszotti.jpg\" \/>\n<meta name=\"twitter:card\" content=\"summary_large_image\" \/>\n<script type=\"application\/ld+json\" class=\"yoast-schema-graph\">{\"@context\":\"https:\\\/\\\/schema.org\",\"@graph\":[{\"@type\":\"WebPage\",\"@id\":\"https:\\\/\\\/e-cautio.eu\\\/fr-lu\\\/actualites\\\/\",\"url\":\"https:\\\/\\\/e-cautio.eu\\\/fr-lu\\\/actualites\\\/\",\"name\":\"Actualit\u00e9s - Ecautio by EuroCaution\",\"isPartOf\":{\"@id\":\"https:\\\/\\\/e-cautio.eu\\\/fr-lu\\\/#website\"},\"primaryImageOfPage\":{\"@id\":\"https:\\\/\\\/e-cautio.eu\\\/fr-lu\\\/actualites\\\/#primaryimage\"},\"image\":{\"@id\":\"https:\\\/\\\/e-cautio.eu\\\/fr-lu\\\/actualites\\\/#primaryimage\"},\"thumbnailUrl\":\"https:\\\/\\\/e-cautio.eu\\\/wp-content\\\/uploads\\\/2025\\\/05\\\/ab4bjszotti.jpg\",\"datePublished\":\"2025-05-02T07:09:17+00:00\",\"breadcrumb\":{\"@id\":\"https:\\\/\\\/e-cautio.eu\\\/fr-lu\\\/actualites\\\/#breadcrumb\"},\"inLanguage\":\"fr-LU\",\"potentialAction\":[{\"@type\":\"ReadAction\",\"target\":[\"https:\\\/\\\/e-cautio.eu\\\/fr-lu\\\/actualites\\\/\"]}]},{\"@type\":\"ImageObject\",\"inLanguage\":\"fr-LU\",\"@id\":\"https:\\\/\\\/e-cautio.eu\\\/fr-lu\\\/actualites\\\/#primaryimage\",\"url\":\"https:\\\/\\\/e-cautio.eu\\\/wp-content\\\/uploads\\\/2025\\\/05\\\/ab4bjszotti.jpg\",\"contentUrl\":\"https:\\\/\\\/e-cautio.eu\\\/wp-content\\\/uploads\\\/2025\\\/05\\\/ab4bjszotti.jpg\"},{\"@type\":\"BreadcrumbList\",\"@id\":\"https:\\\/\\\/e-cautio.eu\\\/fr-lu\\\/actualites\\\/#breadcrumb\",\"itemListElement\":[{\"@type\":\"ListItem\",\"position\":1,\"name\":\"Home\",\"item\":\"https:\\\/\\\/e-cautio.eu\\\/fr-lu\\\/\"},{\"@type\":\"ListItem\",\"position\":2,\"name\":\"Actualit\u00e9s\"}]},{\"@type\":\"WebSite\",\"@id\":\"https:\\\/\\\/e-cautio.eu\\\/fr-lu\\\/#website\",\"url\":\"https:\\\/\\\/e-cautio.eu\\\/fr-lu\\\/\",\"name\":\"Ecautio by EuroCaution\",\"description\":\"La meilleure alternative aux garanties et cautions bancaires\",\"publisher\":{\"@id\":\"https:\\\/\\\/e-cautio.eu\\\/fr-lu\\\/#organization\"},\"alternateName\":\"E-Cautio\",\"potentialAction\":[{\"@type\":\"SearchAction\",\"target\":{\"@type\":\"EntryPoint\",\"urlTemplate\":\"https:\\\/\\\/e-cautio.eu\\\/fr-lu\\\/?s={search_term_string}\"},\"query-input\":{\"@type\":\"PropertyValueSpecification\",\"valueRequired\":true,\"valueName\":\"search_term_string\"}}],\"inLanguage\":\"fr-LU\"},{\"@type\":\"Organization\",\"@id\":\"https:\\\/\\\/e-cautio.eu\\\/fr-lu\\\/#organization\",\"name\":\"Ecautio by EuroCaution\",\"url\":\"https:\\\/\\\/e-cautio.eu\\\/fr-lu\\\/\",\"logo\":{\"@type\":\"ImageObject\",\"inLanguage\":\"fr-LU\",\"@id\":\"https:\\\/\\\/e-cautio.eu\\\/fr-lu\\\/#\\\/schema\\\/logo\\\/image\\\/\",\"url\":\"https:\\\/\\\/e-cautio.eu\\\/wp-content\\\/uploads\\\/2025\\\/05\\\/Ecautio.svg\",\"contentUrl\":\"https:\\\/\\\/e-cautio.eu\\\/wp-content\\\/uploads\\\/2025\\\/05\\\/Ecautio.svg\",\"width\":360,\"height\":90,\"caption\":\"Ecautio by EuroCaution\"},\"image\":{\"@id\":\"https:\\\/\\\/e-cautio.eu\\\/fr-lu\\\/#\\\/schema\\\/logo\\\/image\\\/\"},\"sameAs\":[\"https:\\\/\\\/www.linkedin.com\\\/showcase\\\/ecautio\"]}]}<\/script>\n<!-- \/ Yoast SEO Premium plugin. -->","yoast_head_json":{"title":"Actualit\u00e9s - Ecautio by EuroCaution","robots":{"index":"index","follow":"follow","max-snippet":"max-snippet:-1","max-image-preview":"max-image-preview:large","max-video-preview":"max-video-preview:-1"},"canonical":"https:\/\/e-cautio.eu\/fr-lu\/actualites\/","og_locale":"fr_FR","og_type":"article","og_title":"Actualit\u00e9s","og_description":"Nos Actualit\u00e9s Des questions? Contactez-nous 01\/05\/2025 Transport is the key Transport is the ley Read More 01\/05\/2025 Hello world! Welcome to WordPress. This is your first post. Edit or delete it, then start writing! Read More","og_url":"https:\/\/e-cautio.eu\/fr-lu\/actualites\/","og_site_name":"Ecautio by EuroCaution","og_image":[{"url":"https:\/\/e-cautio.eu\/wp-content\/uploads\/2025\/05\/ab4bjszotti.jpg","type":"","width":"","height":""}],"twitter_card":"summary_large_image","schema":{"@context":"https:\/\/schema.org","@graph":[{"@type":"WebPage","@id":"https:\/\/e-cautio.eu\/fr-lu\/actualites\/","url":"https:\/\/e-cautio.eu\/fr-lu\/actualites\/","name":"Actualit\u00e9s - Ecautio by EuroCaution","isPartOf":{"@id":"https:\/\/e-cautio.eu\/fr-lu\/#website"},"primaryImageOfPage":{"@id":"https:\/\/e-cautio.eu\/fr-lu\/actualites\/#primaryimage"},"image":{"@id":"https:\/\/e-cautio.eu\/fr-lu\/actualites\/#primaryimage"},"thumbnailUrl":"https:\/\/e-cautio.eu\/wp-content\/uploads\/2025\/05\/ab4bjszotti.jpg","datePublished":"2025-05-02T07:09:17+00:00","breadcrumb":{"@id":"https:\/\/e-cautio.eu\/fr-lu\/actualites\/#breadcrumb"},"inLanguage":"fr-LU","potentialAction":[{"@type":"ReadAction","target":["https:\/\/e-cautio.eu\/fr-lu\/actualites\/"]}]},{"@type":"ImageObject","inLanguage":"fr-LU","@id":"https:\/\/e-cautio.eu\/fr-lu\/actualites\/#primaryimage","url":"https:\/\/e-cautio.eu\/wp-content\/uploads\/2025\/05\/ab4bjszotti.jpg","contentUrl":"https:\/\/e-cautio.eu\/wp-content\/uploads\/2025\/05\/ab4bjszotti.jpg"},{"@type":"BreadcrumbList","@id":"https:\/\/e-cautio.eu\/fr-lu\/actualites\/#breadcrumb","itemListElement":[{"@type":"ListItem","position":1,"name":"Home","item":"https:\/\/e-cautio.eu\/fr-lu\/"},{"@type":"ListItem","position":2,"name":"Actualit\u00e9s"}]},{"@type":"WebSite","@id":"https:\/\/e-cautio.eu\/fr-lu\/#website","url":"https:\/\/e-cautio.eu\/fr-lu\/","name":"Ecautio by EuroCaution","description":"La meilleure alternative aux garanties et cautions bancaires","publisher":{"@id":"https:\/\/e-cautio.eu\/fr-lu\/#organization"},"alternateName":"E-Cautio","potentialAction":[{"@type":"SearchAction","target":{"@type":"EntryPoint","urlTemplate":"https:\/\/e-cautio.eu\/fr-lu\/?s={search_term_string}"},"query-input":{"@type":"PropertyValueSpecification","valueRequired":true,"valueName":"search_term_string"}}],"inLanguage":"fr-LU"},{"@type":"Organization","@id":"https:\/\/e-cautio.eu\/fr-lu\/#organization","name":"Ecautio by EuroCaution","url":"https:\/\/e-cautio.eu\/fr-lu\/","logo":{"@type":"ImageObject","inLanguage":"fr-LU","@id":"https:\/\/e-cautio.eu\/fr-lu\/#\/schema\/logo\/image\/","url":"https:\/\/e-cautio.eu\/wp-content\/uploads\/2025\/05\/Ecautio.svg","contentUrl":"https:\/\/e-cautio.eu\/wp-content\/uploads\/2025\/05\/Ecautio.svg","width":360,"height":90,"caption":"Ecautio by EuroCaution"},"image":{"@id":"https:\/\/e-cautio.eu\/fr-lu\/#\/schema\/logo\/image\/"},"sameAs":["https:\/\/www.linkedin.com\/showcase\/ecautio"]}]}},"_links":{"self":[{"href":"https:\/\/e-cautio.eu\/fr-lu\/wp-json\/wp\/v2\/pages\/851","targetHints":{"allow":["GET"]}}],"collection":[{"href":"https:\/\/e-cautio.eu\/fr-lu\/wp-json\/wp\/v2\/pages"}],"about":[{"href":"https:\/\/e-cautio.eu\/fr-lu\/wp-json\/wp\/v2\/types\/page"}],"author":[{"embeddable":true,"href":"https:\/\/e-cautio.eu\/fr-lu\/wp-json\/wp\/v2\/users\/1"}],"replies":[{"embeddable":true,"href":"https:\/\/e-cautio.eu\/fr-lu\/wp-json\/wp\/v2\/comments?post=851"}],"version-history":[{"count":0,"href":"https:\/\/e-cautio.eu\/fr-lu\/wp-json\/wp\/v2\/pages\/851\/revisions"}],"wp:attachment":[{"href":"https:\/\/e-cautio.eu\/fr-lu\/wp-json\/wp\/v2\/media?parent=851"}],"curies":[{"name":"wp","href":"https:\/\/api.w.org\/{rel}","templated":true}]}}